{"id":4096,"date":"2024-08-23T17:40:12","date_gmt":"2024-08-23T15:40:12","guid":{"rendered":"https:\/\/www.myslivna.com\/?page_id=4096"},"modified":"2026-03-09T15:36:36","modified_gmt":"2026-03-09T14:36:36","slug":"tipy-na-vylety","status":"publish","type":"page","link":"https:\/\/www.myslivna.com\/de\/tipy-na-vylety\/","title":{"rendered":"Tipps f\u00fcr Ausfl\u00fcge"},"content":{"rendered":"<div data-elementor-type=\"wp-page\" data-elementor-id=\"4096\" class=\"elementor elementor-4096\">\n\t\t\t\t<div class=\"elementor-element elementor-element-eae742e e-con-full e-flex wpr-particle-no wpr-jarallax-no wpr-parallax-no wpr-sticky-section-no e-con e-parent\" data-id=\"eae742e\" data-element_type=\"container\" data-e-type=\"container\" data-settings=\"{&quot;background_background&quot;:&quot;classic&quot;}\">\n\t\t\t\t<\/div>\n\t\t<div class=\"elementor-element elementor-element-f79ff5a e-con-full e-flex wpr-particle-no wpr-jarallax-no wpr-parallax-no wpr-sticky-section-no e-con e-child\" data-id=\"f79ff5a\" data-element_type=\"container\" data-e-type=\"container\" data-settings=\"{&quot;background_background&quot;:&quot;classic&quot;}\">\n\t\t\t\t<div class=\"elementor-element elementor-element-6e9b6ba elementor-widget elementor-widget-heading\" data-id=\"6e9b6ba\" data-element_type=\"widget\" data-e-type=\"widget\" data-widget_type=\"heading.default\">\n\t\t\t\t<div class=\"elementor-widget-container\">\n\t\t\t\t\t<h1 class=\"elementor-heading-title elementor-size-default\">REISETIPPS<\/h1>\t\t\t\t<\/div>\n\t\t\t\t<\/div>\n\t\t\t\t<div class=\"elementor-element elementor-element-4cee10c elementor-widget elementor-widget-heading\" data-id=\"4cee10c\" data-element_type=\"widget\" data-e-type=\"widget\" data-widget_type=\"heading.default\">\n\t\t\t\t<div class=\"elementor-widget-container\">\n\t\t\t\t\t<h6 class=\"elementor-heading-title elementor-size-default\">HIER FINDEN SIE UNSERE TIPPS F\u00dcR DIE BESTEN AUSFL\u00dcGE IN DER N\u00c4HE DER JAGDRAUM UND RUND UM TREBON. Begeben Sie sich auf ein Abenteuer und lassen Sie sich von der Magie der umliegenden Natur verzaubern.<\/h6>\t\t\t\t<\/div>\n\t\t\t\t<\/div>\n\t\t\t\t<\/div>\n\t\t<div class=\"elementor-element elementor-element-7204779 e-flex e-con-boxed wpr-particle-no wpr-jarallax-no wpr-parallax-no wpr-sticky-section-no e-con e-parent\" data-id=\"7204779\" data-element_type=\"container\" data-e-type=\"container\">\n\t\t\t\t\t<div class=\"e-con-inner\">\n\t\t<div class=\"elementor-element elementor-element-720b283 e-con-full e-flex wpr-particle-no wpr-jarallax-no wpr-parallax-no wpr-sticky-section-no e-con e-child\" data-id=\"720b283\" data-element_type=\"container\" data-e-type=\"container\">\n\t\t\t\t<div class=\"elementor-element elementor-element-c5c845d elementor-widget elementor-widget-text-editor\" data-id=\"c5c845d\" data-element_type=\"widget\" data-e-type=\"widget\" data-widget_type=\"text-editor.default\">\n\t\t\t\t<div class=\"elementor-widget-container\">\n\t\t\t\t\t\t\t\t\t<p><b>Staatsburg T\u0159ebo\u0148<\/b><\/p>\t\t\t\t\t\t\t\t<\/div>\n\t\t\t\t<\/div>\n\t\t\t\t<div class=\"elementor-element elementor-element-c3fd698 elementor-widget elementor-widget-text-editor\" data-id=\"c3fd698\" data-element_type=\"widget\" data-e-type=\"widget\" data-widget_type=\"text-editor.default\">\n\t\t\t\t<div class=\"elementor-widget-container\">\n\t\t\t\t\t\t\t\t\t<p><strong><em>(Entfernung vom Hotel: 240 m, 3 Minuten zu Fu\u00df)<\/em><br \/>Renaissanceschloss T\u0159ebo\u0148, das historisch den drei bedeutenden Familien Rosenberg, Schwamberg und Schwarzenberg geh\u00f6rte. Es liegt rund um einen quadratischen Innenhof und ist von einem sechs Hektar gro\u00dfen englischen Park umgeben, der Sie begeistern wird und Ihnen erm\u00f6glicht, sich im wundersch\u00f6nen Gr\u00fcn vollkommen zu entspannen. Es ist zu Recht die viertgr\u00f6\u00dfte Burganlage in B\u00f6hmen.<br \/>Foto und weitere Informationen: https:\/\/www.zamek-trebon.cz\/cs<\/strong><\/p>\t\t\t\t\t\t\t\t<\/div>\n\t\t\t\t<\/div>\n\t\t\t\t<\/div>\n\t\t<div class=\"elementor-element elementor-element-8e4becd e-con-full e-flex wpr-particle-no wpr-jarallax-no wpr-parallax-no wpr-sticky-section-no e-con e-child\" data-id=\"8e4becd\" data-element_type=\"container\" data-e-type=\"container\">\n\t\t\t\t<div class=\"elementor-element elementor-element-de3e8ce elementor-widget elementor-widget-image\" data-id=\"de3e8ce\" data-element_type=\"widget\" data-e-type=\"widget\" data-widget_type=\"image.default\">\n\t\t\t\t<div class=\"elementor-widget-container\">\n\t\t\t\t\t\t\t\t\t\t\t\t\t\t\t<img fetchpriority=\"high\" decoding=\"async\" width=\"856\" height=\"523\" src=\"https:\/\/www.myslivna.com\/wp-content\/uploads\/2024\/10\/Statni-zamek-Trebon.webp\" class=\"attachment-large size-large wp-image-7718\" alt=\"\" srcset=\"https:\/\/www.myslivna.com\/wp-content\/uploads\/2024\/10\/Statni-zamek-Trebon.webp 856w, https:\/\/www.myslivna.com\/wp-content\/uploads\/2024\/10\/Statni-zamek-Trebon-300x183.webp 300w, https:\/\/www.myslivna.com\/wp-content\/uploads\/2024\/10\/Statni-zamek-Trebon-768x469.webp 768w, https:\/\/www.myslivna.com\/wp-content\/uploads\/2024\/10\/Statni-zamek-Trebon-18x12.webp 18w\" sizes=\"(max-width: 856px) 100vw, 856px\" \/>\t\t\t\t\t\t\t\t\t\t\t\t\t\t\t<\/div>\n\t\t\t\t<\/div>\n\t\t\t\t<\/div>\n\t\t\t\t\t<\/div>\n\t\t\t\t<\/div>\n\t\t<div class=\"elementor-element elementor-element-9dca20b e-flex e-con-boxed wpr-particle-no wpr-jarallax-no wpr-parallax-no wpr-sticky-section-no e-con e-parent\" data-id=\"9dca20b\" data-element_type=\"container\" data-e-type=\"container\">\n\t\t\t\t\t<div class=\"e-con-inner\">\n\t\t<div class=\"elementor-element elementor-element-c6cf0b5 e-con-full e-flex wpr-particle-no wpr-jarallax-no wpr-parallax-no wpr-sticky-section-no e-con e-child\" data-id=\"c6cf0b5\" data-element_type=\"container\" data-e-type=\"container\" data-settings=\"{&quot;background_background&quot;:&quot;classic&quot;}\">\n\t\t<div class=\"elementor-element elementor-element-f4978fa e-con-full e-flex wpr-particle-no wpr-jarallax-no wpr-parallax-no wpr-sticky-section-no e-con e-child\" data-id=\"f4978fa\" data-element_type=\"container\" data-e-type=\"container\">\n\t\t\t\t<div class=\"elementor-element elementor-element-9b68cdf elementor-widget elementor-widget-image\" data-id=\"9b68cdf\" data-element_type=\"widget\" data-e-type=\"widget\" data-widget_type=\"image.default\">\n\t\t\t\t<div class=\"elementor-widget-container\">\n\t\t\t\t\t\t\t\t\t\t\t\t\t\t\t<img decoding=\"async\" width=\"1024\" height=\"768\" src=\"https:\/\/www.myslivna.com\/wp-content\/uploads\/2024\/10\/Schwarzenberska-hrobka-1024x768.jpg\" class=\"attachment-large size-large wp-image-7717\" alt=\"\" srcset=\"https:\/\/www.myslivna.com\/wp-content\/uploads\/2024\/10\/Schwarzenberska-hrobka-1024x768.jpg 1024w, https:\/\/www.myslivna.com\/wp-content\/uploads\/2024\/10\/Schwarzenberska-hrobka-300x225.jpg 300w, https:\/\/www.myslivna.com\/wp-content\/uploads\/2024\/10\/Schwarzenberska-hrobka-768x576.jpg 768w, https:\/\/www.myslivna.com\/wp-content\/uploads\/2024\/10\/Schwarzenberska-hrobka-1536x1152.jpg 1536w, https:\/\/www.myslivna.com\/wp-content\/uploads\/2024\/10\/Schwarzenberska-hrobka-16x12.jpg 16w, https:\/\/www.myslivna.com\/wp-content\/uploads\/2024\/10\/Schwarzenberska-hrobka.jpg 1920w\" sizes=\"(max-width: 1024px) 100vw, 1024px\" \/>\t\t\t\t\t\t\t\t\t\t\t\t\t\t\t<\/div>\n\t\t\t\t<\/div>\n\t\t\t\t<\/div>\n\t\t<div class=\"elementor-element elementor-element-053a2a6 e-con-full e-flex wpr-particle-no wpr-jarallax-no wpr-parallax-no wpr-sticky-section-no e-con e-child\" data-id=\"053a2a6\" data-element_type=\"container\" data-e-type=\"container\">\n\t\t\t\t<div class=\"elementor-element elementor-element-595fc15 elementor-widget elementor-widget-text-editor\" data-id=\"595fc15\" data-element_type=\"widget\" data-e-type=\"widget\" data-widget_type=\"text-editor.default\">\n\t\t\t\t<div class=\"elementor-widget-container\">\n\t\t\t\t\t\t\t\t\t<p><b>Schwarzenberg-Grab<\/b><\/p>\t\t\t\t\t\t\t\t<\/div>\n\t\t\t\t<\/div>\n\t\t\t\t<div class=\"elementor-element elementor-element-54db901 elementor-widget elementor-widget-text-editor\" data-id=\"54db901\" data-element_type=\"widget\" data-e-type=\"widget\" data-widget_type=\"text-editor.default\">\n\t\t\t\t<div class=\"elementor-widget-container\">\n\t\t\t\t\t\t\t\t\t<p><strong><i>(Entfernung vom Hotel: 1,5 km, 19 Minuten zu Fu\u00df)<\/i><i><br \/><\/i>Das Schwarzenberg-Grab ist ein bemerkenswertes sechseckiges neugotisches Bauwerk, das Sie \u00fcber einen angenehmen Spaziergang entlang des Ufers des wundersch\u00f6nen Sv\u011bt-Teichs erreichen k\u00f6nnen. 26 Mitglieder eines bedeutenden s\u00fcdb\u00f6hmischen Adelsgeschlechts fanden darin ihre letzte Ruhest\u00e4tte.<br \/>Foto und weitere Informationen: https:\/\/schwarzenberska-hrobka.cz\/<\/strong><\/p>\t\t\t\t\t\t\t\t<\/div>\n\t\t\t\t<\/div>\n\t\t\t\t<\/div>\n\t\t\t\t<\/div>\n\t\t\t\t\t<\/div>\n\t\t\t\t<\/div>\n\t\t<div class=\"elementor-element elementor-element-0ed47d4 e-flex e-con-boxed wpr-particle-no wpr-jarallax-no wpr-parallax-no wpr-sticky-section-no e-con e-parent\" data-id=\"0ed47d4\" data-element_type=\"container\" data-e-type=\"container\">\n\t\t\t\t\t<div class=\"e-con-inner\">\n\t\t<div class=\"elementor-element elementor-element-a7186cd e-con-full e-flex wpr-particle-no wpr-jarallax-no wpr-parallax-no wpr-sticky-section-no e-con e-child\" data-id=\"a7186cd\" data-element_type=\"container\" data-e-type=\"container\">\n\t\t\t\t<div class=\"elementor-element elementor-element-06453b5 elementor-widget elementor-widget-text-editor\" data-id=\"06453b5\" data-element_type=\"widget\" data-e-type=\"widget\" data-widget_type=\"text-editor.default\">\n\t\t\t\t<div class=\"elementor-widget-container\">\n\t\t\t\t\t\t\t\t\t<p><b>Der Weg um die Welt (Lehrpfad)<\/b><\/p>\t\t\t\t\t\t\t\t<\/div>\n\t\t\t\t<\/div>\n\t\t\t\t<div class=\"elementor-element elementor-element-80f2744 elementor-widget elementor-widget-text-editor\" data-id=\"80f2744\" data-element_type=\"widget\" data-e-type=\"widget\" data-widget_type=\"text-editor.default\">\n\t\t\t\t<div class=\"elementor-widget-container\">\n\t\t\t\t\t\t\t\t\t<p><strong><i>(Entfernung der Anlegestelle des Teiches Sv\u011bt vom Hotel: 350 m, 5 Minuten zu Fu\u00df)<\/i><i><br \/><\/i>Lassen Sie sich nicht \u00fcberreden und begeben Sie sich auf eine Reise um die Welt, die 12 km lang ist und Ihnen neben atemberaubenden Ausblicken auch 16 Stationen bietet, die Sie in die malerische Landschaft und Geschichte von T\u0159ebo\u0148 einf\u00fchren.<br \/>Foto und weitere Informationen: https:\/\/www.trebonsko.cz\/cesta-kolem-sveta<\/strong><\/p>\t\t\t\t\t\t\t\t<\/div>\n\t\t\t\t<\/div>\n\t\t\t\t<\/div>\n\t\t<div class=\"elementor-element elementor-element-bf2ad67 e-con-full e-flex wpr-particle-no wpr-jarallax-no wpr-parallax-no wpr-sticky-section-no e-con e-child\" data-id=\"bf2ad67\" data-element_type=\"container\" data-e-type=\"container\">\n\t\t\t\t<div class=\"elementor-element elementor-element-51c7d94 elementor-widget elementor-widget-image\" data-id=\"51c7d94\" data-element_type=\"widget\" data-e-type=\"widget\" data-widget_type=\"image.default\">\n\t\t\t\t<div class=\"elementor-widget-container\">\n\t\t\t\t\t\t\t\t\t\t\t\t\t\t\t<img decoding=\"async\" width=\"1024\" height=\"769\" src=\"https:\/\/www.myslivna.com\/wp-content\/uploads\/2024\/10\/Cesta-kolem-sveta-1024x769.jpg\" class=\"attachment-large size-large wp-image-7714\" alt=\"\" srcset=\"https:\/\/www.myslivna.com\/wp-content\/uploads\/2024\/10\/Cesta-kolem-sveta-1024x769.jpg 1024w, https:\/\/www.myslivna.com\/wp-content\/uploads\/2024\/10\/Cesta-kolem-sveta-300x225.jpg 300w, https:\/\/www.myslivna.com\/wp-content\/uploads\/2024\/10\/Cesta-kolem-sveta-768x576.jpg 768w, https:\/\/www.myslivna.com\/wp-content\/uploads\/2024\/10\/Cesta-kolem-sveta-16x12.jpg 16w, https:\/\/www.myslivna.com\/wp-content\/uploads\/2024\/10\/Cesta-kolem-sveta.jpg 1199w\" sizes=\"(max-width: 1024px) 100vw, 1024px\" \/>\t\t\t\t\t\t\t\t\t\t\t\t\t\t\t<\/div>\n\t\t\t\t<\/div>\n\t\t\t\t<\/div>\n\t\t\t\t\t<\/div>\n\t\t\t\t<\/div>\n\t\t<div class=\"elementor-element elementor-element-42c0462 e-flex e-con-boxed wpr-particle-no wpr-jarallax-no wpr-parallax-no wpr-sticky-section-no e-con e-parent\" data-id=\"42c0462\" data-element_type=\"container\" data-e-type=\"container\">\n\t\t\t\t\t<div class=\"e-con-inner\">\n\t\t<div class=\"elementor-element elementor-element-8b4282f e-con-full e-flex wpr-particle-no wpr-jarallax-no wpr-parallax-no wpr-sticky-section-no e-con e-child\" data-id=\"8b4282f\" data-element_type=\"container\" data-e-type=\"container\" data-settings=\"{&quot;background_background&quot;:&quot;classic&quot;}\">\n\t\t<div class=\"elementor-element elementor-element-91b2d34 e-con-full e-flex wpr-particle-no wpr-jarallax-no wpr-parallax-no wpr-sticky-section-no e-con e-child\" data-id=\"91b2d34\" data-element_type=\"container\" data-e-type=\"container\">\n\t\t\t\t<div class=\"elementor-element elementor-element-99e9d8d elementor-widget elementor-widget-image\" data-id=\"99e9d8d\" data-element_type=\"widget\" data-e-type=\"widget\" data-widget_type=\"image.default\">\n\t\t\t\t<div class=\"elementor-widget-container\">\n\t\t\t\t\t\t\t\t\t\t\t\t\t\t\t<img loading=\"lazy\" decoding=\"async\" width=\"768\" height=\"1024\" src=\"https:\/\/www.myslivna.com\/wp-content\/uploads\/2024\/10\/Pivovar-Regent-768x1024.jpg\" class=\"attachment-large size-large wp-image-7716\" alt=\"\" srcset=\"https:\/\/www.myslivna.com\/wp-content\/uploads\/2024\/10\/Pivovar-Regent-768x1024.jpg 768w, https:\/\/www.myslivna.com\/wp-content\/uploads\/2024\/10\/Pivovar-Regent-225x300.jpg 225w, https:\/\/www.myslivna.com\/wp-content\/uploads\/2024\/10\/Pivovar-Regent-1152x1536.jpg 1152w, https:\/\/www.myslivna.com\/wp-content\/uploads\/2024\/10\/Pivovar-Regent-9x12.jpg 9w, https:\/\/www.myslivna.com\/wp-content\/uploads\/2024\/10\/Pivovar-Regent.jpg 1440w\" sizes=\"(max-width: 768px) 100vw, 768px\" \/>\t\t\t\t\t\t\t\t\t\t\t\t\t\t\t<\/div>\n\t\t\t\t<\/div>\n\t\t\t\t<\/div>\n\t\t<div class=\"elementor-element elementor-element-c97c29a e-con-full e-flex wpr-particle-no wpr-jarallax-no wpr-parallax-no wpr-sticky-section-no e-con e-child\" data-id=\"c97c29a\" data-element_type=\"container\" data-e-type=\"container\">\n\t\t\t\t<div class=\"elementor-element elementor-element-216444f elementor-widget elementor-widget-text-editor\" data-id=\"216444f\" data-element_type=\"widget\" data-e-type=\"widget\" data-widget_type=\"text-editor.default\">\n\t\t\t\t<div class=\"elementor-widget-container\">\n\t\t\t\t\t\t\t\t\t<p><b>Regent-Brauerei<\/b><\/p>\t\t\t\t\t\t\t\t<\/div>\n\t\t\t\t<\/div>\n\t\t\t\t<div class=\"elementor-element elementor-element-8df262c elementor-widget elementor-widget-text-editor\" data-id=\"8df262c\" data-element_type=\"widget\" data-e-type=\"widget\" data-widget_type=\"text-editor.default\">\n\t\t\t\t<div class=\"elementor-widget-container\">\n\t\t\t\t\t\t\t\t\t<p><strong><i>(Entfernung der Brauerei vom Hotel: 230 m, 3 Minuten zu Fu\u00df)<\/i><i><br \/><\/i>Die Brauerei Bohemia Regent in T\u0159ebon ist eine der \u00e4ltesten Brauereien in B\u00f6hmen, die auf eine reiche und interessante Geschichte zur\u00fcckblicken kann. Verpassen Sie nicht eine F\u00fchrung durch die Brauerei mit anschlie\u00dfender Verkostung des Bieres, das hier in T\u0159ebon traditionell gebraut wird \u2013 aus Saazer Hopfen, tschechischem Malz und Quellwasser aus unseren eigenen Brunnen.\u00a0<br \/>Foto und weitere Informationen: https:\/\/www.pivovar-regent.cz\/<\/strong><\/p>\t\t\t\t\t\t\t\t<\/div>\n\t\t\t\t<\/div>\n\t\t\t\t<\/div>\n\t\t\t\t<\/div>\n\t\t\t\t\t<\/div>\n\t\t\t\t<\/div>\n\t\t<div class=\"elementor-element elementor-element-1337363 e-flex e-con-boxed wpr-particle-no wpr-jarallax-no wpr-parallax-no wpr-sticky-section-no e-con e-parent\" data-id=\"1337363\" data-element_type=\"container\" data-e-type=\"container\">\n\t\t\t\t\t<div class=\"e-con-inner\">\n\t\t<div class=\"elementor-element elementor-element-e9709d1 e-con-full e-flex wpr-particle-no wpr-jarallax-no wpr-parallax-no wpr-sticky-section-no e-con e-child\" data-id=\"e9709d1\" data-element_type=\"container\" data-e-type=\"container\">\n\t\t\t\t<div class=\"elementor-element elementor-element-3a595f8 elementor-widget elementor-widget-text-editor\" data-id=\"3a595f8\" data-element_type=\"widget\" data-e-type=\"widget\" data-widget_type=\"text-editor.default\">\n\t\t\t\t<div class=\"elementor-widget-container\">\n\t\t\t\t\t\t\t\t\t<p><b>Ein Panoramablick auf das Aurora Spa<\/b><\/p>\t\t\t\t\t\t\t\t<\/div>\n\t\t\t\t<\/div>\n\t\t\t\t<div class=\"elementor-element elementor-element-447bd72 elementor-widget elementor-widget-text-editor\" data-id=\"447bd72\" data-element_type=\"widget\" data-e-type=\"widget\" data-widget_type=\"text-editor.default\">\n\t\t\t\t<div class=\"elementor-widget-container\">\n\t\t\t\t\t\t\t\t\t<p><strong><i>(Entfernung der Brauerei vom Hotel: 230 m, 3 Minuten zu Fu\u00df)<\/i><i><br \/><\/i>Bewundern Sie den bedeutenden Aurora-Spa-Komplex bei einem Spaziergang durch den wundersch\u00f6nen Park sowie die atemberaubende Aussicht vom modernen Aussichtspunkt. Ein Erlebnis, das nichts kostet und dennoch Jung und Alt begeistert. <br \/>Foto und weitere Informationen: https:\/\/www.laznetrebon.cz\/cz\/lazenske-domy\/lazne-aurora\/info\/panoramaticky-vytah<\/strong><\/p>\t\t\t\t\t\t\t\t<\/div>\n\t\t\t\t<\/div>\n\t\t\t\t<\/div>\n\t\t<div class=\"elementor-element elementor-element-cf9e136 e-con-full e-flex wpr-particle-no wpr-jarallax-no wpr-parallax-no wpr-sticky-section-no e-con e-child\" data-id=\"cf9e136\" data-element_type=\"container\" data-e-type=\"container\">\n\t\t\t\t<div class=\"elementor-element elementor-element-9541783 elementor-widget elementor-widget-image\" data-id=\"9541783\" data-element_type=\"widget\" data-e-type=\"widget\" data-widget_type=\"image.default\">\n\t\t\t\t<div class=\"elementor-widget-container\">\n\t\t\t\t\t\t\t\t\t\t\t\t\t\t\t<img loading=\"lazy\" decoding=\"async\" width=\"1024\" height=\"683\" src=\"https:\/\/www.myslivna.com\/wp-content\/uploads\/2024\/10\/Panoramaticky-vyhled-Aurora-1024x683.jpg\" class=\"attachment-large size-large wp-image-7715\" alt=\"\" srcset=\"https:\/\/www.myslivna.com\/wp-content\/uploads\/2024\/10\/Panoramaticky-vyhled-Aurora-1024x683.jpg 1024w, https:\/\/www.myslivna.com\/wp-content\/uploads\/2024\/10\/Panoramaticky-vyhled-Aurora-300x200.jpg 300w, https:\/\/www.myslivna.com\/wp-content\/uploads\/2024\/10\/Panoramaticky-vyhled-Aurora-768x512.jpg 768w, https:\/\/www.myslivna.com\/wp-content\/uploads\/2024\/10\/Panoramaticky-vyhled-Aurora-1536x1024.jpg 1536w, https:\/\/www.myslivna.com\/wp-content\/uploads\/2024\/10\/Panoramaticky-vyhled-Aurora-2048x1365.jpg 2048w, https:\/\/www.myslivna.com\/wp-content\/uploads\/2024\/10\/Panoramaticky-vyhled-Aurora-18x12.jpg 18w\" sizes=\"(max-width: 1024px) 100vw, 1024px\" \/>\t\t\t\t\t\t\t\t\t\t\t\t\t\t\t<\/div>\n\t\t\t\t<\/div>\n\t\t\t\t<\/div>\n\t\t\t\t\t<\/div>\n\t\t\t\t<\/div>\n\t\t<div class=\"elementor-element elementor-element-44ed99b e-con-full e-flex wpr-particle-no wpr-jarallax-no wpr-parallax-no wpr-sticky-section-no e-con e-child\" data-id=\"44ed99b\" data-element_type=\"container\" data-e-type=\"container\" data-settings=\"{&quot;background_background&quot;:&quot;classic&quot;}\">\n\t\t\t\t<div class=\"elementor-element elementor-element-d46e394 elementor-widget elementor-widget-button\" data-id=\"d46e394\" data-element_type=\"widget\" data-e-type=\"widget\" data-widget_type=\"button.default\">\n\t\t\t\t<div class=\"elementor-widget-container\">\n\t\t\t\t\t\t\t\t\t<div class=\"elementor-button-wrapper\">\n\t\t\t\t\t<a class=\"elementor-button elementor-button-link elementor-size-sm\" href=\"\/de\/\">\n\t\t\t\t\t\t<span class=\"elementor-button-content-wrapper\">\n\t\t\t\t\t\t\t\t\t<span class=\"elementor-button-text\">ZUR\u00dcCK ZUR STARTSEITE<\/span>\n\t\t\t\t\t<\/span>\n\t\t\t\t\t<\/a>\n\t\t\t\t<\/div>\n\t\t\t\t\t\t\t\t<\/div>\n\t\t\t\t<\/div>\n\t\t\t\t<\/div>\n\t\t\t\t<\/div>","protected":false},"excerpt":{"rendered":"<p>TIPY NA V\u00ddLETY ZDE NAJDETE NA\u0160E TIPY NA TY NEJLEP\u0160\u00cd V\u00ddLETY NEDALEKO MYSLIVNY I V OKOL\u00cd T\u0158EBON\u011a. VYDEJTE SE ZA DOBRODRU\u017dSTV\u00cdM A NA\u010cERPEJTE KOUZLO OKOLN\u00cd P\u0158\u00cdRODY. St\u00e1tn\u00ed z\u00e1mek T\u0159ebo\u0148 (Vzd\u00e1lenost od hotelu: 240 m, 3 minuty p\u011b\u0161ky)Renesan\u010dn\u00ed z\u00e1mek T\u0159ebo\u0148, pat\u0159\u00edc\u00ed v historii t\u0159em v\u00fdznamn\u00fdm rod\u016fm &#8211;\u00a0Ro\u017emberk\u016f, \u0160vamberk\u016f a Schwarzenberk\u016f. Je situovan\u00fd kolem \u010dtvercov\u00e9ho n\u00e1dvo\u0159\u00ed a obklopen\u00fd \u0161estihektarov\u00fdm anglick\u00fdm parkem, kter\u00fd V\u00e1s nadchne a umo\u017en\u00ed naplno relaxovat v\u00a0kr\u00e1sn\u00e9 zeleni. Zaslou\u017een\u011b\u00a0je \u010dtvrt\u00fdm nejv\u011bt\u0161\u00edm z\u00e1meck\u00fdm komplexem v\u00a0\u010cech\u00e1ch.Foto a v\u00edce informac\u00ed: https:\/\/www.zamek-trebon.cz\/cs Schwarzenbersk\u00e1 hrobka (Vzd\u00e1lenost od hotelu: 1,5 km, 19 minut p\u011b\u0161ky)Schwarzenbersk\u00e1 hrobka je pozoruhodn\u00e1 \u0161estibok\u00e1 novogotick\u00e1 stavba\u00a0a dojdete k\u00a0n\u00ed p\u0159\u00edjemnou proch\u00e1zkou po hr\u00e1zi kr\u00e1sn\u00e9ho rybn\u00edku Sv\u011bt. M\u00edsto posledn\u00edho odpo\u010dinku v n\u00ed na\u0161lo na 26 p\u0159\u00edslu\u0161n\u00edk\u016f v\u00fdznamn\u00e9 jiho\u010desk\u00e9 \u0161lechtick\u00e9 rodiny.Foto a v\u00edce informac\u00ed: https:\/\/schwarzenberska-hrobka.cz\/ Cesta kolem Sv\u011bta (nau\u010dn\u00e1 stezka) (Vzd\u00e1lenost p\u0159\u00edstavi\u0161t\u011b rybn\u00edka Sv\u011bt od hotelu: 350 m, 5 minut p\u011b\u0161ky)Nenechte se p\u0159emlouvat a vyrazte na cestu kolem Sv\u011bta, kter\u00e1 je dlouh\u00e1 12 km a nab\u00edz\u00ed V\u00e1m vedle \u00fachvatn\u00fdch v\u00fdhled\u016f i 16 zast\u00e1vek, kter\u00e9 V\u00e1s sezn\u00e1m\u00ed s\u00a0malebnou t\u0159ebo\u0148skou krajinou a histori\u00ed.Foto a v\u00edce informac\u00ed: https:\/\/www.trebonsko.cz\/cesta-kolem-sveta Pivovar Regent (Vzd\u00e1lenost pivovaru od hotelu: 230 m, 3 minuty p\u011b\u0161ky)Pivovar\u00a0Bohemia Regent v T\u0159eboni\u00a0je jeden z nejstar\u0161\u00edch pivovar\u016f v \u010cech\u00e1ch, kter\u00fd m\u00e1 bohatou a zaj\u00edmavou historii. Nenechte si uj\u00edt komentovanou prohl\u00eddku pivovaru s\u00a0n\u00e1slednou ochutn\u00e1vkou piva, kter\u00e9 se u n\u00e1s v\u00a0T\u0159eboni va\u0159\u00ed tradi\u010dn\u011b &#8211; ze \u017eateck\u00e9ho chmelu, \u010desk\u00e9ho sladu a pramenit\u00e9 vody z vlastn\u00edch studn\u00ed.\u00a0Foto a v\u00edce informac\u00ed: https:\/\/www.pivovar-regent.cz\/ Panoramatick\u00fd v\u00fdhled l\u00e1zn\u00ed Aurora (Vzd\u00e1lenost pivovaru od hotelu: 230 m, 3 minuty p\u011b\u0161ky)Obdivujte v\u00fdznamn\u00fd l\u00e1ze\u0148sk\u00fd komplex Aurora proch\u00e1zkou po kr\u00e1sn\u00e9m parku, ale i dechberouc\u00edm v\u00fdhledem z\u00a0modern\u00ed panoramatick\u00e9 vyhl\u00eddky. Z\u00e1\u017eitek, kter\u00fd nic nestoj\u00ed, p\u0159esto nadchne mal\u00e9 i velk\u00e9. Foto a v\u00edce informac\u00ed: https:\/\/www.laznetrebon.cz\/cz\/lazenske-domy\/lazne-aurora\/info\/panoramaticky-vytah VR\u00c1TIT SE NA HOMEPAGE<\/p>","protected":false},"author":1,"featured_media":0,"parent":0,"menu_order":0,"comment_status":"closed","ping_status":"closed","template":"elementor_header_footer","meta":{"footnotes":""},"class_list":["post-4096","page","type-page","status-publish","hentry","entry"],"_links":{"self":[{"href":"https:\/\/www.myslivna.com\/de\/wp-json\/wp\/v2\/pages\/4096","targetHints":{"allow":["GET"]}}],"collection":[{"href":"https:\/\/www.myslivna.com\/de\/wp-json\/wp\/v2\/pages"}],"about":[{"href":"https:\/\/www.myslivna.com\/de\/wp-json\/wp\/v2\/types\/page"}],"author":[{"embeddable":true,"href":"https:\/\/www.myslivna.com\/de\/wp-json\/wp\/v2\/users\/1"}],"replies":[{"embeddable":true,"href":"https:\/\/www.myslivna.com\/de\/wp-json\/wp\/v2\/comments?post=4096"}],"version-history":[{"count":217,"href":"https:\/\/www.myslivna.com\/de\/wp-json\/wp\/v2\/pages\/4096\/revisions"}],"predecessor-version":[{"id":8876,"href":"https:\/\/www.myslivna.com\/de\/wp-json\/wp\/v2\/pages\/4096\/revisions\/8876"}],"wp:attachment":[{"href":"https:\/\/www.myslivna.com\/de\/wp-json\/wp\/v2\/media?parent=4096"}],"curies":[{"name":"wp","href":"https:\/\/api.w.org\/{rel}","templated":true}]}}