{"id":5060,"date":"2024-08-28T14:19:24","date_gmt":"2024-08-28T12:19:24","guid":{"rendered":"https:\/\/www.myslivna.com\/?page_id=5060"},"modified":"2026-01-11T22:46:21","modified_gmt":"2026-01-11T21:46:21","slug":"damska_jizda","status":"publish","type":"page","link":"https:\/\/www.myslivna.com\/en\/damska_jizda\/","title":{"rendered":"D\u00e1msk\u00e1 j\u00edzda jiho\u010desk\u00e1"},"content":{"rendered":"<div data-elementor-type=\"wp-page\" data-elementor-id=\"5060\" class=\"elementor elementor-5060\">\n\t\t\t\t<div class=\"elementor-element elementor-element-a473221 e-con-full e-flex wpr-particle-no wpr-jarallax-no wpr-parallax-no wpr-sticky-section-no e-con e-parent\" data-id=\"a473221\" data-element_type=\"container\" data-e-type=\"container\" data-settings=\"{&quot;background_background&quot;:&quot;classic&quot;}\">\n\t\t\t\t<\/div>\n\t\t<div class=\"elementor-element elementor-element-00fa445 e-flex e-con-boxed wpr-particle-no wpr-jarallax-no wpr-parallax-no wpr-sticky-section-no e-con e-parent\" data-id=\"00fa445\" data-element_type=\"container\" data-e-type=\"container\">\n\t\t\t\t\t<div class=\"e-con-inner\">\n\t\t<div class=\"elementor-element elementor-element-304db69 e-con-full e-flex wpr-particle-no wpr-jarallax-no wpr-parallax-no wpr-sticky-section-no e-con e-child\" data-id=\"304db69\" data-element_type=\"container\" data-e-type=\"container\">\n\t\t\t\t<div class=\"elementor-element elementor-element-2438fe0 elementor-widget elementor-widget-heading\" data-id=\"2438fe0\" data-element_type=\"widget\" data-e-type=\"widget\" data-widget_type=\"heading.default\">\n\t\t\t\t<div class=\"elementor-widget-container\">\n\t\t\t\t\t<h2 class=\"elementor-heading-title elementor-size-default\">STAY PACKAGE FOR LADIES<\/h2>\t\t\t\t<\/div>\n\t\t\t\t<\/div>\n\t\t\t\t<div class=\"elementor-element elementor-element-ca803f8 elementor-widget elementor-widget-heading\" data-id=\"ca803f8\" data-element_type=\"widget\" data-e-type=\"widget\" data-widget_type=\"heading.default\">\n\t\t\t\t<div class=\"elementor-widget-container\">\n\t\t\t\t\t<h6 class=\"elementor-heading-title elementor-size-default\">STAY PACKAGE INCLUDES:<\/h6>\t\t\t\t<\/div>\n\t\t\t\t<\/div>\n\t\t\t\t<div class=\"elementor-element elementor-element-1a4c08f elementor-widget elementor-widget-text-editor\" data-id=\"1a4c08f\" data-element_type=\"widget\" data-e-type=\"widget\" data-widget_type=\"text-editor.default\">\n\t\t\t\t<div class=\"elementor-widget-container\">\n\t\t\t\t\t\t\t\t\t<p>A stay package for girls and women of all ages, because pampering should be our supreme duty.<\/p><p>Stay package for 2 - 4 people in a room.<br \/>Online booking options: 2 - 4 nights.<\/p>\t\t\t\t\t\t\t\t<\/div>\n\t\t\t\t<\/div>\n\t\t\t\t<div class=\"elementor-element elementor-element-b24c038 elementor-widget elementor-widget-text-editor\" data-id=\"b24c038\" data-element_type=\"widget\" data-e-type=\"widget\" data-widget_type=\"text-editor.default\">\n\t\t\t\t<div class=\"elementor-widget-container\">\n\t\t\t\t\t\t\t\t\t<ul><li>Accommodation in a selected room for a specified number of guests<\/li><li>Honest breakfast with a South Bohemian gourmet corner<\/li><li>1x our VIP welcome gift<\/li><li>1x premium wellness cosmetics in the room for each guest<\/li><li>1x coffee \/ tea with homemade dessert and a glass of Prosecco<\/li><li><p>Unlimited Wi-Fi connection<\/p><\/li><\/ul><div><div style=\"font-variant-ligatures: normal; font-variant-caps: normal; font-family: OpenSans-CondLight, sans-serif; font-size: 20px; font-style: normal; font-weight: 600;\"><div>\u2014\u2014\u2014\u2014\u2014\u2014\u2014\u2014\u2014\u2014\u2014-<\/div><div><p><em>Package valid until 20 December 2026 (not valid during Easter, Christmas and New Year\u2019s Eve).<\/em><\/p><p><em>The price varies depending on the selected date and room type.<\/em><br \/><em>If you are interested in a different package option (children, more than 4 nights, etc.), do not hesitate\nto contact us.<\/em><\/p><\/div><\/div><\/div>\t\t\t\t\t\t\t\t<\/div>\n\t\t\t\t<\/div>\n\t\t\t\t<\/div>\n\t\t<div class=\"elementor-element elementor-element-daac498 e-con-full e-flex wpr-particle-no wpr-jarallax-no wpr-parallax-no wpr-sticky-section-no e-con e-child\" data-id=\"daac498\" data-element_type=\"container\" data-e-type=\"container\">\n\t\t\t\t<div class=\"elementor-element elementor-element-8c15924 elementor-widget elementor-widget-image\" data-id=\"8c15924\" data-element_type=\"widget\" data-e-type=\"widget\" data-widget_type=\"image.default\">\n\t\t\t\t<div class=\"elementor-widget-container\">\n\t\t\t\t\t\t\t\t\t\t\t\t\t\t\t<img fetchpriority=\"high\" decoding=\"async\" width=\"710\" height=\"850\" src=\"https:\/\/www.myslivna.com\/wp-content\/uploads\/2025\/01\/Damska-jizda-jihoceska-719x850-1.jpg\" class=\"attachment-large size-large wp-image-8359\" alt=\"\" srcset=\"https:\/\/www.myslivna.com\/wp-content\/uploads\/2025\/01\/Damska-jizda-jihoceska-719x850-1.jpg 710w, https:\/\/www.myslivna.com\/wp-content\/uploads\/2025\/01\/Damska-jizda-jihoceska-719x850-1-251x300.jpg 251w, https:\/\/www.myslivna.com\/wp-content\/uploads\/2025\/01\/Damska-jizda-jihoceska-719x850-1-10x12.jpg 10w\" sizes=\"(max-width: 710px) 100vw, 710px\" \/>\t\t\t\t\t\t\t\t\t\t\t\t\t\t\t<\/div>\n\t\t\t\t<\/div>\n\t\t\t\t<\/div>\n\t\t\t\t\t<\/div>\n\t\t\t\t<\/div>\n\t\t<div class=\"elementor-element elementor-element-aab485e e-flex e-con-boxed wpr-particle-no wpr-jarallax-no wpr-parallax-no wpr-sticky-section-no e-con e-parent\" data-id=\"aab485e\" data-element_type=\"container\" data-e-type=\"container\">\n\t\t\t\t\t<div class=\"e-con-inner\">\n\t\t<div class=\"elementor-element elementor-element-e9f14ab e-con-full e-flex wpr-particle-no wpr-jarallax-no wpr-parallax-no wpr-sticky-section-no e-con e-child\" data-id=\"e9f14ab\" data-element_type=\"container\" data-e-type=\"container\" data-settings=\"{&quot;background_background&quot;:&quot;classic&quot;}\">\n\t\t<div class=\"elementor-element elementor-element-d212a54 e-con-full e-grid wpr-particle-no wpr-jarallax-no wpr-parallax-no wpr-sticky-section-no e-con e-child\" data-id=\"d212a54\" data-element_type=\"container\" data-e-type=\"container\">\n\t\t\t\t<div class=\"elementor-element elementor-element-1b27c48 elementor-widget elementor-widget-text-editor\" data-id=\"1b27c48\" data-element_type=\"widget\" data-e-type=\"widget\" data-widget_type=\"text-editor.default\">\n\t\t\t\t<div class=\"elementor-widget-container\">\n\t\t\t\t\t\t\t\t\t<p>Price<\/p>\t\t\t\t\t\t\t\t<\/div>\n\t\t\t\t<\/div>\n\t\t\t\t<div class=\"elementor-element elementor-element-905dc47 elementor-widget elementor-widget-text-editor\" data-id=\"905dc47\" data-element_type=\"widget\" data-e-type=\"widget\" data-widget_type=\"text-editor.default\">\n\t\t\t\t<div class=\"elementor-widget-container\">\n\t\t\t\t\t\t\t\t\t<p>Weekdays<\/p>\t\t\t\t\t\t\t\t<\/div>\n\t\t\t\t<\/div>\n\t\t\t\t<div class=\"elementor-element elementor-element-5e9cba5 elementor-widget elementor-widget-text-editor\" data-id=\"5e9cba5\" data-element_type=\"widget\" data-e-type=\"widget\" data-widget_type=\"text-editor.default\">\n\t\t\t\t<div class=\"elementor-widget-container\">\n\t\t\t\t\t\t\t\t\t<p>Weekend<\/p>\t\t\t\t\t\t\t\t<\/div>\n\t\t\t\t<\/div>\n\t\t\t\t<\/div>\n\t\t<div class=\"elementor-element elementor-element-f810c68 e-con-full e-grid wpr-particle-no wpr-jarallax-no wpr-parallax-no wpr-sticky-section-no e-con e-child\" data-id=\"f810c68\" data-element_type=\"container\" data-e-type=\"container\">\n\t\t\t\t<div class=\"elementor-element elementor-element-ddc548d elementor-widget elementor-widget-text-editor\" data-id=\"ddc548d\" data-element_type=\"widget\" data-e-type=\"widget\" data-widget_type=\"text-editor.default\">\n\t\t\t\t<div class=\"elementor-widget-container\">\n\t\t\t\t\t\t\t\t\t<p>Double room (price per 2 persons)<\/p>\t\t\t\t\t\t\t\t<\/div>\n\t\t\t\t<\/div>\n\t\t\t\t<div class=\"elementor-element elementor-element-d21a13e elementor-widget elementor-widget-text-editor\" data-id=\"d21a13e\" data-element_type=\"widget\" data-e-type=\"widget\" data-widget_type=\"text-editor.default\">\n\t\t\t\t<div class=\"elementor-widget-container\">\n\t\t\t\t\t\t\t\t\t<p>Price from 4430 CZK \/ 2 nights<\/p>\t\t\t\t\t\t\t\t<\/div>\n\t\t\t\t<\/div>\n\t\t\t\t<div class=\"elementor-element elementor-element-da1265a elementor-widget elementor-widget-text-editor\" data-id=\"da1265a\" data-element_type=\"widget\" data-e-type=\"widget\" data-widget_type=\"text-editor.default\">\n\t\t\t\t<div class=\"elementor-widget-container\">\n\t\t\t\t\t\t\t\t\t<p>Price from 4930 CZK \/ 2 nights<\/p>\t\t\t\t\t\t\t\t<\/div>\n\t\t\t\t<\/div>\n\t\t\t\t<\/div>\n\t\t<div class=\"elementor-element elementor-element-103de77 e-con-full e-grid wpr-particle-no wpr-jarallax-no wpr-parallax-no wpr-sticky-section-no e-con e-child\" data-id=\"103de77\" data-element_type=\"container\" data-e-type=\"container\">\n\t\t\t\t<div class=\"elementor-element elementor-element-d674715 elementor-widget elementor-widget-text-editor\" data-id=\"d674715\" data-element_type=\"widget\" data-e-type=\"widget\" data-widget_type=\"text-editor.default\">\n\t\t\t\t<div class=\"elementor-widget-container\">\n\t\t\t\t\t\t\t\t\t<p>Triple room (price for 3 persons)<\/p>\t\t\t\t\t\t\t\t<\/div>\n\t\t\t\t<\/div>\n\t\t\t\t<div class=\"elementor-element elementor-element-f3aff26 elementor-widget elementor-widget-text-editor\" data-id=\"f3aff26\" data-element_type=\"widget\" data-e-type=\"widget\" data-widget_type=\"text-editor.default\">\n\t\t\t\t<div class=\"elementor-widget-container\">\n\t\t\t\t\t\t\t\t\t<p>Price from 5770 CZK \/ 2 nights<\/p>\t\t\t\t\t\t\t\t<\/div>\n\t\t\t\t<\/div>\n\t\t\t\t<div class=\"elementor-element elementor-element-95509b6 elementor-widget elementor-widget-text-editor\" data-id=\"95509b6\" data-element_type=\"widget\" data-e-type=\"widget\" data-widget_type=\"text-editor.default\">\n\t\t\t\t<div class=\"elementor-widget-container\">\n\t\t\t\t\t\t\t\t\t<p>Price from 6670 CZK \/ 2 nights<\/p>\t\t\t\t\t\t\t\t<\/div>\n\t\t\t\t<\/div>\n\t\t\t\t<\/div>\n\t\t\t\t<\/div>\n\t\t\t\t<div class=\"elementor-element elementor-element-bda3e5b elementor-widget elementor-widget-heading\" data-id=\"bda3e5b\" data-element_type=\"widget\" data-e-type=\"widget\" data-widget_type=\"heading.default\">\n\t\t\t\t<div class=\"elementor-widget-container\">\n\t\t\t\t\t<h6 class=\"elementor-heading-title elementor-size-default\">PACKAGE PRICE<\/h6>\t\t\t\t<\/div>\n\t\t\t\t<\/div>\n\t\t\t\t\t<\/div>\n\t\t\t\t<\/div>\n\t\t<div class=\"elementor-element elementor-element-84699b1 e-con-full e-flex wpr-particle-no wpr-jarallax-no wpr-parallax-no wpr-sticky-section-no e-con e-child\" data-id=\"84699b1\" data-element_type=\"container\" data-e-type=\"container\" data-settings=\"{&quot;background_background&quot;:&quot;classic&quot;}\">\n\t\t\t\t<div class=\"elementor-element elementor-element-ae1b665 elementor-widget elementor-widget-heading\" data-id=\"ae1b665\" data-element_type=\"widget\" data-e-type=\"widget\" data-widget_type=\"heading.default\">\n\t\t\t\t<div class=\"elementor-widget-container\">\n\t\t\t\t\t<h6 class=\"elementor-heading-title elementor-size-default\">ACCOMMODATION PACKAGES<\/h6>\t\t\t\t<\/div>\n\t\t\t\t<\/div>\n\t\t\t\t<div class=\"elementor-element elementor-element-3f4b842 elementor-widget elementor-widget-heading\" data-id=\"3f4b842\" data-element_type=\"widget\" data-e-type=\"widget\" data-widget_type=\"heading.default\">\n\t\t\t\t<div class=\"elementor-widget-container\">\n\t\t\t\t\t<h2 class=\"elementor-heading-title elementor-size-default\">SEE OTHER PACKAGES<\/h2>\t\t\t\t<\/div>\n\t\t\t\t<\/div>\n\t\t\t\t<\/div>\n\t\t<div class=\"elementor-element elementor-element-3f00500 e-flex e-con-boxed wpr-particle-no wpr-jarallax-no wpr-parallax-no wpr-sticky-section-no e-con e-parent\" data-id=\"3f00500\" data-element_type=\"container\" data-e-type=\"container\" data-settings=\"{&quot;background_background&quot;:&quot;classic&quot;}\">\n\t\t\t\t\t<div class=\"e-con-inner\">\n\t\t<div class=\"elementor-element elementor-element-03370e1 e-con-full e-flex wpr-particle-no wpr-jarallax-no wpr-parallax-no wpr-sticky-section-no e-con e-child\" data-id=\"03370e1\" data-element_type=\"container\" data-e-type=\"container\">\n\t\t\t\t<div class=\"elementor-element elementor-element-08d2066 elementor-widget elementor-widget-image\" data-id=\"08d2066\" data-element_type=\"widget\" data-e-type=\"widget\" data-widget_type=\"image.default\">\n\t\t\t\t<div class=\"elementor-widget-container\">\n\t\t\t\t\t\t\t\t\t\t\t\t\t\t\t\t<a href=\"\/en\/chlapi_sobe\/\">\n\t\t\t\t\t\t\t<img decoding=\"async\" width=\"1024\" height=\"910\" src=\"https:\/\/www.myslivna.com\/wp-content\/uploads\/2025\/01\/Mens-getaway-Trebon-1.jpg\" class=\"attachment-large size-large wp-image-8284\" alt=\"\" srcset=\"https:\/\/www.myslivna.com\/wp-content\/uploads\/2025\/01\/Mens-getaway-Trebon-1.jpg 1063w, https:\/\/www.myslivna.com\/wp-content\/uploads\/2025\/01\/Mens-getaway-Trebon-1-300x267.jpg 300w, https:\/\/www.myslivna.com\/wp-content\/uploads\/2025\/01\/Mens-getaway-Trebon-1-1024x910.jpg 1024w, https:\/\/www.myslivna.com\/wp-content\/uploads\/2025\/01\/Mens-getaway-Trebon-1-768x683.jpg 768w, https:\/\/www.myslivna.com\/wp-content\/uploads\/2025\/01\/Mens-getaway-Trebon-1-13x12.jpg 13w\" sizes=\"(max-width: 1024px) 100vw, 1024px\" \/>\t\t\t\t\t\t\t\t<\/a>\n\t\t\t\t\t\t\t\t\t\t\t\t\t\t\t<\/div>\n\t\t\t\t<\/div>\n\t\t\t\t<\/div>\n\t\t<div class=\"elementor-element elementor-element-298c4a4 e-con-full e-flex wpr-particle-no wpr-jarallax-no wpr-parallax-no wpr-sticky-section-no e-con e-child\" data-id=\"298c4a4\" data-element_type=\"container\" data-e-type=\"container\">\n\t\t\t\t<div class=\"elementor-element elementor-element-1e4d367 elementor-widget elementor-widget-image\" data-id=\"1e4d367\" data-element_type=\"widget\" data-e-type=\"widget\" data-widget_type=\"image.default\">\n\t\t\t\t<div class=\"elementor-widget-container\">\n\t\t\t\t\t\t\t\t\t\t\t\t\t\t\t\t<a href=\"\/en\/zklidni_mysl\/\">\n\t\t\t\t\t\t\t<img decoding=\"async\" width=\"1024\" height=\"910\" src=\"https:\/\/www.myslivna.com\/wp-content\/uploads\/2025\/01\/Relax-your-mind-Trebon.png\" class=\"attachment-large size-large wp-image-8283\" alt=\"\" srcset=\"https:\/\/www.myslivna.com\/wp-content\/uploads\/2025\/01\/Relax-your-mind-Trebon.png 1063w, https:\/\/www.myslivna.com\/wp-content\/uploads\/2025\/01\/Relax-your-mind-Trebon-300x267.png 300w, https:\/\/www.myslivna.com\/wp-content\/uploads\/2025\/01\/Relax-your-mind-Trebon-1024x910.png 1024w, https:\/\/www.myslivna.com\/wp-content\/uploads\/2025\/01\/Relax-your-mind-Trebon-768x683.png 768w, https:\/\/www.myslivna.com\/wp-content\/uploads\/2025\/01\/Relax-your-mind-Trebon-13x12.png 13w\" sizes=\"(max-width: 1024px) 100vw, 1024px\" \/>\t\t\t\t\t\t\t\t<\/a>\n\t\t\t\t\t\t\t\t\t\t\t\t\t\t\t<\/div>\n\t\t\t\t<\/div>\n\t\t\t\t<div class=\"elementor-element elementor-element-9c075b5 elementor-align-center elementor-widget elementor-widget-button\" data-id=\"9c075b5\" data-element_type=\"widget\" data-e-type=\"widget\" data-widget_type=\"button.default\">\n\t\t\t\t<div class=\"elementor-widget-container\">\n\t\t\t\t\t\t\t\t\t<div class=\"elementor-button-wrapper\">\n\t\t\t\t\t<a class=\"elementor-button elementor-button-link elementor-size-sm\" href=\"https:\/\/www.myslivna.com\/en\/rezervace\/\">\n\t\t\t\t\t\t<span class=\"elementor-button-content-wrapper\">\n\t\t\t\t\t\t\t\t\t<span class=\"elementor-button-text\">BOOK A STAY<\/span>\n\t\t\t\t\t<\/span>\n\t\t\t\t\t<\/a>\n\t\t\t\t<\/div>\n\t\t\t\t\t\t\t\t<\/div>\n\t\t\t\t<\/div>\n\t\t<div class=\"elementor-element elementor-element-f190ce2 e-con-full e-flex wpr-particle-no wpr-jarallax-no wpr-parallax-no wpr-sticky-section-no e-con e-child\" data-id=\"f190ce2\" data-element_type=\"container\" data-e-type=\"container\">\n\t\t<div class=\"elementor-element elementor-element-dd5ad0d e-con-full e-flex wpr-particle-no wpr-jarallax-no wpr-parallax-no wpr-sticky-section-no e-con e-child\" data-id=\"dd5ad0d\" data-element_type=\"container\" data-e-type=\"container\">\n\t\t\t\t<\/div>\n\t\t\t\t<\/div>\n\t\t\t\t<\/div>\n\t\t<div class=\"elementor-element elementor-element-6b541bd e-con-full e-flex wpr-particle-no wpr-jarallax-no wpr-parallax-no wpr-sticky-section-no e-con e-child\" data-id=\"6b541bd\" data-element_type=\"container\" data-e-type=\"container\">\n\t\t\t\t<div class=\"elementor-element elementor-element-b7f13e8 elementor-widget elementor-widget-image\" data-id=\"b7f13e8\" data-element_type=\"widget\" data-e-type=\"widget\" data-widget_type=\"image.default\">\n\t\t\t\t<div class=\"elementor-widget-container\">\n\t\t\t\t\t\t\t\t\t\t\t\t\t\t\t\t<a href=\"\/en\/romanticky_pobyt\/\">\n\t\t\t\t\t\t\t<img loading=\"lazy\" decoding=\"async\" width=\"1024\" height=\"910\" src=\"https:\/\/www.myslivna.com\/wp-content\/uploads\/2026\/01\/Myslivna-Romantic-stay.jpg\" class=\"attachment-large size-large wp-image-8630\" alt=\"\" srcset=\"https:\/\/www.myslivna.com\/wp-content\/uploads\/2026\/01\/Myslivna-Romantic-stay.jpg 1063w, https:\/\/www.myslivna.com\/wp-content\/uploads\/2026\/01\/Myslivna-Romantic-stay-300x267.jpg 300w, https:\/\/www.myslivna.com\/wp-content\/uploads\/2026\/01\/Myslivna-Romantic-stay-1024x910.jpg 1024w, https:\/\/www.myslivna.com\/wp-content\/uploads\/2026\/01\/Myslivna-Romantic-stay-768x683.jpg 768w, https:\/\/www.myslivna.com\/wp-content\/uploads\/2026\/01\/Myslivna-Romantic-stay-13x12.jpg 13w\" sizes=\"(max-width: 1024px) 100vw, 1024px\" \/>\t\t\t\t\t\t\t\t<\/a>\n\t\t\t\t\t\t\t\t\t\t\t\t\t\t\t<\/div>\n\t\t\t\t<\/div>\n\t\t\t\t<\/div>\n\t\t\t\t\t<\/div>\n\t\t\t\t<\/div>\n\t\t<div class=\"elementor-element elementor-element-50c112d e-con-full e-flex wpr-particle-no wpr-jarallax-no wpr-parallax-no wpr-sticky-section-no e-con e-child\" data-id=\"50c112d\" data-element_type=\"container\" data-e-type=\"container\" data-settings=\"{&quot;background_background&quot;:&quot;classic&quot;}\">\n\t\t\t\t<div class=\"elementor-element elementor-element-a849424 elementor-widget elementor-widget-heading\" data-id=\"a849424\" data-element_type=\"widget\" data-e-type=\"widget\" data-widget_type=\"heading.default\">\n\t\t\t\t<div class=\"elementor-widget-container\">\n\t\t\t\t\t<h6 class=\"elementor-heading-title elementor-size-default\">ARE YOU INTERESTED?<\/h6>\t\t\t\t<\/div>\n\t\t\t\t<\/div>\n\t\t\t\t<div class=\"elementor-element elementor-element-21d045b elementor-widget elementor-widget-heading\" data-id=\"21d045b\" data-element_type=\"widget\" data-e-type=\"widget\" data-widget_type=\"heading.default\">\n\t\t\t\t<div class=\"elementor-widget-container\">\n\t\t\t\t\t<h2 class=\"elementor-heading-title elementor-size-default\">We look forward to your visit<\/h2>\t\t\t\t<\/div>\n\t\t\t\t<\/div>\n\t\t\t\t<div class=\"elementor-element elementor-element-81de925 elementor-widget elementor-widget-text-editor\" data-id=\"81de925\" data-element_type=\"widget\" data-e-type=\"widget\" data-widget_type=\"text-editor.default\">\n\t\t\t\t<div class=\"elementor-widget-container\">\n\t\t\t\t\t\t\t\t\tWith direct booking you get the best <br> affordable price and many other benefits.\t\t\t\t\t\t\t\t<\/div>\n\t\t\t\t<\/div>\n\t\t\t\t<div class=\"elementor-element elementor-element-fe5e542 elementor-widget elementor-widget-button\" data-id=\"fe5e542\" data-element_type=\"widget\" data-e-type=\"widget\" data-widget_type=\"button.default\">\n\t\t\t\t<div class=\"elementor-widget-container\">\n\t\t\t\t\t\t\t\t\t<div class=\"elementor-button-wrapper\">\n\t\t\t\t\t<a class=\"elementor-button elementor-button-link elementor-size-sm\" href=\"\/en\/rezervace\/\">\n\t\t\t\t\t\t<span class=\"elementor-button-content-wrapper\">\n\t\t\t\t\t\t\t\t\t<span class=\"elementor-button-text\">BOOK A STAY<\/span>\n\t\t\t\t\t<\/span>\n\t\t\t\t\t<\/a>\n\t\t\t\t<\/div>\n\t\t\t\t\t\t\t\t<\/div>\n\t\t\t\t<\/div>\n\t\t\t\t<\/div>\n\t\t<div class=\"elementor-element elementor-element-14c4ad4 e-flex e-con-boxed wpr-particle-no wpr-jarallax-no wpr-parallax-no wpr-sticky-section-no e-con e-parent\" data-id=\"14c4ad4\" data-element_type=\"container\" data-e-type=\"container\">\n\t\t\t\t\t<div class=\"e-con-inner\">\n\t\t<div class=\"elementor-element elementor-element-a90f05c e-con-full e-flex wpr-particle-no wpr-jarallax-no wpr-parallax-no wpr-sticky-section-no e-con e-child\" data-id=\"a90f05c\" data-element_type=\"container\" data-e-type=\"container\">\n\t\t\t\t<\/div>\n\t\t\t\t\t<\/div>\n\t\t\t\t<\/div>\n\t\t<div class=\"elementor-element elementor-element-2600a2d e-flex e-con-boxed wpr-particle-no wpr-jarallax-no wpr-parallax-no wpr-sticky-section-no e-con e-parent\" data-id=\"2600a2d\" data-element_type=\"container\" data-e-type=\"container\">\n\t\t\t\t\t<div class=\"e-con-inner\">\n\t\t<div class=\"elementor-element elementor-element-814aee4 e-con-full e-flex wpr-particle-no wpr-jarallax-no wpr-parallax-no wpr-sticky-section-no e-con e-child\" data-id=\"814aee4\" data-element_type=\"container\" data-e-type=\"container\">\n\t\t<div class=\"elementor-element elementor-element-2dd4d7b e-con-full e-flex wpr-particle-no wpr-jarallax-no wpr-parallax-no wpr-sticky-section-no e-con e-child\" data-id=\"2dd4d7b\" data-element_type=\"container\" data-e-type=\"container\">\n\t\t<div class=\"elementor-element elementor-element-0dce7b4 e-con-full e-flex wpr-particle-no wpr-jarallax-no wpr-parallax-no wpr-sticky-section-no e-con e-child\" data-id=\"0dce7b4\" data-element_type=\"container\" data-e-type=\"container\">\n\t\t\t\t<\/div>\n\t\t\t\t<\/div>\n\t\t\t\t<\/div>\n\t\t\t\t\t<\/div>\n\t\t\t\t<\/div>\n\t\t\t\t<\/div>","protected":false},"excerpt":{"rendered":"<p>D\u00c1MSK\u00c1 J\u00cdZDA JIHO\u010cESK\u00c1 BAL\u00cd\u010cEK ZAHRNUJE (KA\u017dD\u00c1 REZERVOVAN\u00c1 OSOBA): Pobytov\u00fd bal\u00ed\u010dek pro holky a \u017eeny v\u0161eho v\u011bku, proto\u017ee h\u00fd\u010dkat se by m\u011bla b\u00fdt na\u0161e v\u00fdsostn\u00e1 povinnost. Pobytov\u00fd bal\u00ed\u010dek pro: 2 \u2013 4 osoby na pokoji.V online prodeji: 2 &#8211; 4 noci. Ubytov\u00e1n\u00ed ve vybran\u00e9m pokoji Poctiv\u00e1 sn\u00eddan\u011b s jiho\u010desk\u00fdm koutkem 1x N\u00e1\u0161 VIP bal\u00ed\u010dek na uv\u00edtanou 1x Nadstandardn\u00ed wellness kosmetika na pokoji 1x K\u00e1va \/ \u010daj s dom\u00e1c\u00edm dezertem a sklenkou Prosecca Wifi p\u0159ipojen\u00ed neomezen\u011b \u2014\u2014\u2014\u2014\u2014\u2014\u2014\u2014\u2014\u2014\u2014- Platnost bal\u00ed\u010dku do 20. 12. 2026 (neplat\u00ed v obdob\u00ed Velikonoc, V\u00e1noc a Silvestra). Cena se li\u0161\u00ed v z\u00e1vislosti na vybran\u00e9m term\u00ednu a pokoji.V\u00a0p\u0159\u00edpad\u011b z\u00e1jmu o jinou variantu bal\u00ed\u010dku (d\u011bti, v\u00edce ne\u017e 4 noci apod.) n\u00e1s nev\u00e1hejte kontaktovat. Cena V\u0161edn\u00ed dny V\u00edkend Dvoul\u016f\u017ekov\u00fd pokoj (cena pro 2 osoby) Cena od 4430 K\u010d \/ 2 noci Cena od 4930 K\u010d \/ 2 noci T\u0159\u00edl\u016f\u017ekov\u00fd pokoj (cena pro 3 osoby) Cena od 5770 K\u010d \/ 2 noci Cena od 6670 K\u010d \/ 2 noci CENA BAL\u00cd\u010cKU POBYTOV\u00c9 BAL\u00cd\u010cKY PROHL\u00c9DN\u011aTE SI DAL\u0160\u00cd BAL\u00cd\u010cKY REZERVACE POBYTU M\u00c1TE Z\u00c1JEM? T\u011b\u0161\u00edme se na va\u0161i n\u00e1v\u0161t\u011bvu S p\u0159\u00edmou rezervac\u00ed z\u00edsk\u00e1v\u00e1te nejlep\u0161\u00ed dostupnou cenu a mnoho dal\u0161\u00edch v\u00fdhod. REZERVOVAT POBYT<\/p>","protected":false},"author":1,"featured_media":0,"parent":0,"menu_order":0,"comment_status":"closed","ping_status":"closed","template":"elementor_header_footer","meta":{"footnotes":""},"class_list":["post-5060","page","type-page","status-publish","hentry","entry"],"_links":{"self":[{"href":"https:\/\/www.myslivna.com\/en\/wp-json\/wp\/v2\/pages\/5060","targetHints":{"allow":["GET"]}}],"collection":[{"href":"https:\/\/www.myslivna.com\/en\/wp-json\/wp\/v2\/pages"}],"about":[{"href":"https:\/\/www.myslivna.com\/en\/wp-json\/wp\/v2\/types\/page"}],"author":[{"embeddable":true,"href":"https:\/\/www.myslivna.com\/en\/wp-json\/wp\/v2\/users\/1"}],"replies":[{"embeddable":true,"href":"https:\/\/www.myslivna.com\/en\/wp-json\/wp\/v2\/comments?post=5060"}],"version-history":[{"count":101,"href":"https:\/\/www.myslivna.com\/en\/wp-json\/wp\/v2\/pages\/5060\/revisions"}],"predecessor-version":[{"id":8739,"href":"https:\/\/www.myslivna.com\/en\/wp-json\/wp\/v2\/pages\/5060\/revisions\/8739"}],"wp:attachment":[{"href":"https:\/\/www.myslivna.com\/en\/wp-json\/wp\/v2\/media?parent=5060"}],"curies":[{"name":"wp","href":"https:\/\/api.w.org\/{rel}","templated":true}]}}