{"id":5076,"date":"2024-08-28T14:25:17","date_gmt":"2024-08-28T12:25:17","guid":{"rendered":"https:\/\/www.myslivna.com\/?page_id=5076"},"modified":"2026-01-11T22:43:17","modified_gmt":"2026-01-11T21:43:17","slug":"zklidni_mysl","status":"publish","type":"page","link":"https:\/\/www.myslivna.com\/en\/zklidni_mysl\/","title":{"rendered":"Zklidni mysl v Myslivn\u011b"},"content":{"rendered":"<div data-elementor-type=\"wp-page\" data-elementor-id=\"5076\" class=\"elementor elementor-5076\">\n\t\t\t\t<div class=\"elementor-element elementor-element-a473221 e-con-full e-flex wpr-particle-no wpr-jarallax-no wpr-parallax-no wpr-sticky-section-no e-con e-parent\" data-id=\"a473221\" data-element_type=\"container\" data-e-type=\"container\" data-settings=\"{&quot;background_background&quot;:&quot;classic&quot;}\">\n\t\t\t\t<\/div>\n\t\t<div class=\"elementor-element elementor-element-00fa445 e-flex e-con-boxed wpr-particle-no wpr-jarallax-no wpr-parallax-no wpr-sticky-section-no e-con e-parent\" data-id=\"00fa445\" data-element_type=\"container\" data-e-type=\"container\" data-settings=\"{&quot;background_background&quot;:&quot;slideshow&quot;,&quot;background_slideshow_gallery&quot;:[],&quot;background_slideshow_loop&quot;:&quot;yes&quot;,&quot;background_slideshow_slide_duration&quot;:5000,&quot;background_slideshow_slide_transition&quot;:&quot;fade&quot;,&quot;background_slideshow_transition_duration&quot;:500}\">\n\t\t\t\t\t<div class=\"e-con-inner\">\n\t\t<div class=\"elementor-element elementor-element-304db69 e-con-full e-flex wpr-particle-no wpr-jarallax-no wpr-parallax-no wpr-sticky-section-no e-con e-child\" data-id=\"304db69\" data-element_type=\"container\" data-e-type=\"container\">\n\t\t\t\t<div class=\"elementor-element elementor-element-2438fe0 elementor-widget elementor-widget-heading\" data-id=\"2438fe0\" data-element_type=\"widget\" data-e-type=\"widget\" data-widget_type=\"heading.default\">\n\t\t\t\t<div class=\"elementor-widget-container\">\n\t\t\t\t\t<h2 class=\"elementor-heading-title elementor-size-default\">RELAX YOUR MIND AT HOTEL MYSLIVNA<\/h2>\t\t\t\t<\/div>\n\t\t\t\t<\/div>\n\t\t\t\t<div class=\"elementor-element elementor-element-1a4c08f elementor-widget elementor-widget-text-editor\" data-id=\"1a4c08f\" data-element_type=\"widget\" data-e-type=\"widget\" data-widget_type=\"text-editor.default\">\n\t\t\t\t<div class=\"elementor-widget-container\">\n\t\t\t\t\t\t\t\t\t<p class=\"cvGsUA direction-ltr align-start para-style-body\"><strong><span class=\"OYPEnA font-feature-liga-off font-feature-clig-off font-feature-calt-off text-decoration-none text-strikethrough-none\">Relaxa\u010dn\u00ed<\/span><span class=\"OYPEnA font-feature-liga-off font-feature-clig-off font-feature-calt-off text-decoration-none text-strikethrough-none\"> A relaxing stay package to calm your mind, enhance personal well-being and support physical vitality.<\/span><\/strong><\/p><p class=\"cvGsUA direction-ltr align-start para-style-body\"><span class=\"OYPEnA font-feature-liga-off font-feature-clig-off font-feature-calt-off text-decoration-none text-strikethrough-none\">Stay package for 1-4 people per room.<br \/>Available online: 2 \u2013 7 nights.<\/span><\/p>\t\t\t\t\t\t\t\t<\/div>\n\t\t\t\t<\/div>\n\t\t\t\t<div class=\"elementor-element elementor-element-ca803f8 elementor-widget elementor-widget-heading\" data-id=\"ca803f8\" data-element_type=\"widget\" data-e-type=\"widget\" data-widget_type=\"heading.default\">\n\t\t\t\t<div class=\"elementor-widget-container\">\n\t\t\t\t\t<h6 class=\"elementor-heading-title elementor-size-default\">STAY PACKAGE INCLUDES:<\/h6>\t\t\t\t<\/div>\n\t\t\t\t<\/div>\n\t\t\t\t<div class=\"elementor-element elementor-element-b24c038 elementor-widget elementor-widget-text-editor\" data-id=\"b24c038\" data-element_type=\"widget\" data-e-type=\"widget\" data-widget_type=\"text-editor.default\">\n\t\t\t\t<div class=\"elementor-widget-container\">\n\t\t\t\t\t\t\t\t\t<ul><li><strong>Acommodation<\/strong> in a selected room for a specified number of guests<\/li><li><strong>Honest breakfast <\/strong><span class=\"OYPEnA font-feature-liga-off font-feature-clig-off font-feature-calt-off text-decoration-none text-strikethrough-none\">with a South Bohemian gourmet corner<\/span><\/li><li><strong><span class=\"OYPEnA font-feature-liga-off font-feature-clig-off font-feature-calt-off text-decoration-none text-strikethrough-none\">2-course half board <\/span><\/strong><span class=\"OYPEnA font-feature-liga-off font-feature-clig-off font-feature-calt-off text-decoration-none text-strikethrough-none\">in our Myslivna restaurant<\/span><\/li><li>1x<strong> Welcome gift<\/strong> to enhance your stay\u00a0<\/li><li>Unlimited Wi-Fi connection<\/li><\/ul><div>&#8212;&#8212;&#8212;&#8212;&#8212;&#8212;&#8212;&#8212;&#8212;&#8212;&#8212;-<\/div><div><p><em><span class=\"OYPEnA font-feature-liga-off font-feature-clig-off font-feature-calt-off text-decoration-none text-strikethrough-none\">Package valid until 20 December 2026 (not valid during Easter, Christmas and New Year\u2019s Eve).<\/span><\/em><\/p><p class=\"cvGsUA direction-ltr align-start para-style-body\"><span class=\"OYPEnA font-feature-liga-off font-feature-clig-off font-feature-calt-off text-decoration-none text-strikethrough-none\"><em>The price varies depending on the selected date and room type.<\/em><br \/><em>If you are interested in a different package option (children, more than 7 nights, etc.), do not hesitate to contact us.<\/em><br \/><\/span><\/p><\/div>\t\t\t\t\t\t\t\t<\/div>\n\t\t\t\t<\/div>\n\t\t\t\t<\/div>\n\t\t<div class=\"elementor-element elementor-element-daac498 e-con-full e-flex wpr-particle-no wpr-jarallax-no wpr-parallax-no wpr-sticky-section-no e-con e-child\" data-id=\"daac498\" data-element_type=\"container\" data-e-type=\"container\">\n\t\t\t\t<div class=\"elementor-element elementor-element-8c15924 elementor-widget elementor-widget-image\" data-id=\"8c15924\" data-element_type=\"widget\" data-e-type=\"widget\" data-widget_type=\"image.default\">\n\t\t\t\t<div class=\"elementor-widget-container\">\n\t\t\t\t\t\t\t\t\t\t\t\t\t\t\t<img fetchpriority=\"high\" decoding=\"async\" width=\"1024\" height=\"768\" src=\"https:\/\/www.myslivna.com\/wp-content\/uploads\/2025\/01\/Zklidni-mysl-v-Myslivne-1024x768.jpg\" class=\"attachment-large size-large wp-image-8259\" alt=\"\" srcset=\"https:\/\/www.myslivna.com\/wp-content\/uploads\/2025\/01\/Zklidni-mysl-v-Myslivne-1024x768.jpg 1024w, https:\/\/www.myslivna.com\/wp-content\/uploads\/2025\/01\/Zklidni-mysl-v-Myslivne-300x225.jpg 300w, https:\/\/www.myslivna.com\/wp-content\/uploads\/2025\/01\/Zklidni-mysl-v-Myslivne-768x576.jpg 768w, https:\/\/www.myslivna.com\/wp-content\/uploads\/2025\/01\/Zklidni-mysl-v-Myslivne-1536x1152.jpg 1536w, https:\/\/www.myslivna.com\/wp-content\/uploads\/2025\/01\/Zklidni-mysl-v-Myslivne-16x12.jpg 16w, https:\/\/www.myslivna.com\/wp-content\/uploads\/2025\/01\/Zklidni-mysl-v-Myslivne.jpg 2000w\" sizes=\"(max-width: 1024px) 100vw, 1024px\" \/>\t\t\t\t\t\t\t\t\t\t\t\t\t\t\t<\/div>\n\t\t\t\t<\/div>\n\t\t\t\t<div class=\"elementor-element elementor-element-3fc8cb4 elementor-widget elementor-widget-image\" data-id=\"3fc8cb4\" data-element_type=\"widget\" data-e-type=\"widget\" data-widget_type=\"image.default\">\n\t\t\t\t<div class=\"elementor-widget-container\">\n\t\t\t\t\t\t\t\t\t\t\t\t\t\t\t<img decoding=\"async\" width=\"1024\" height=\"768\" src=\"https:\/\/www.myslivna.com\/wp-content\/uploads\/2025\/05\/Pokoj-Myslivna-Trebon-1024x768.jpg\" class=\"attachment-large size-large wp-image-8631\" alt=\"\" srcset=\"https:\/\/www.myslivna.com\/wp-content\/uploads\/2025\/05\/Pokoj-Myslivna-Trebon-1024x768.jpg 1024w, https:\/\/www.myslivna.com\/wp-content\/uploads\/2025\/05\/Pokoj-Myslivna-Trebon-300x225.jpg 300w, https:\/\/www.myslivna.com\/wp-content\/uploads\/2025\/05\/Pokoj-Myslivna-Trebon-768x576.jpg 768w, https:\/\/www.myslivna.com\/wp-content\/uploads\/2025\/05\/Pokoj-Myslivna-Trebon-1536x1152.jpg 1536w, https:\/\/www.myslivna.com\/wp-content\/uploads\/2025\/05\/Pokoj-Myslivna-Trebon-16x12.jpg 16w, https:\/\/www.myslivna.com\/wp-content\/uploads\/2025\/05\/Pokoj-Myslivna-Trebon.jpg 2000w\" sizes=\"(max-width: 1024px) 100vw, 1024px\" \/>\t\t\t\t\t\t\t\t\t\t\t\t\t\t\t<\/div>\n\t\t\t\t<\/div>\n\t\t\t\t<\/div>\n\t\t\t\t\t<\/div>\n\t\t\t\t<\/div>\n\t\t<div class=\"elementor-element elementor-element-aab485e e-flex e-con-boxed wpr-particle-no wpr-jarallax-no wpr-parallax-no wpr-sticky-section-no e-con e-parent\" data-id=\"aab485e\" data-element_type=\"container\" data-e-type=\"container\">\n\t\t\t\t\t<div class=\"e-con-inner\">\n\t\t<div class=\"elementor-element elementor-element-e9f14ab e-con-full e-flex wpr-particle-no wpr-jarallax-no wpr-parallax-no wpr-sticky-section-no e-con e-child\" data-id=\"e9f14ab\" data-element_type=\"container\" data-e-type=\"container\" data-settings=\"{&quot;background_background&quot;:&quot;classic&quot;}\">\n\t\t<div class=\"elementor-element elementor-element-d212a54 e-con-full e-grid wpr-particle-no wpr-jarallax-no wpr-parallax-no wpr-sticky-section-no e-con e-child\" data-id=\"d212a54\" data-element_type=\"container\" data-e-type=\"container\">\n\t\t\t\t<div class=\"elementor-element elementor-element-1b27c48 elementor-widget elementor-widget-text-editor\" data-id=\"1b27c48\" data-element_type=\"widget\" data-e-type=\"widget\" data-widget_type=\"text-editor.default\">\n\t\t\t\t<div class=\"elementor-widget-container\">\n\t\t\t\t\t\t\t\t\t<p>Price<\/p>\t\t\t\t\t\t\t\t<\/div>\n\t\t\t\t<\/div>\n\t\t\t\t<div class=\"elementor-element elementor-element-905dc47 elementor-widget elementor-widget-text-editor\" data-id=\"905dc47\" data-element_type=\"widget\" data-e-type=\"widget\" data-widget_type=\"text-editor.default\">\n\t\t\t\t<div class=\"elementor-widget-container\">\n\t\t\t\t\t\t\t\t\t<p>Weekdays<\/p>\t\t\t\t\t\t\t\t<\/div>\n\t\t\t\t<\/div>\n\t\t\t\t<div class=\"elementor-element elementor-element-5e9cba5 elementor-widget elementor-widget-text-editor\" data-id=\"5e9cba5\" data-element_type=\"widget\" data-e-type=\"widget\" data-widget_type=\"text-editor.default\">\n\t\t\t\t<div class=\"elementor-widget-container\">\n\t\t\t\t\t\t\t\t\t<p>Weekend<\/p>\t\t\t\t\t\t\t\t<\/div>\n\t\t\t\t<\/div>\n\t\t\t\t<\/div>\n\t\t<div class=\"elementor-element elementor-element-f810c68 e-con-full e-grid wpr-particle-no wpr-jarallax-no wpr-parallax-no wpr-sticky-section-no e-con e-child\" data-id=\"f810c68\" data-element_type=\"container\" data-e-type=\"container\">\n\t\t\t\t<div class=\"elementor-element elementor-element-ddc548d elementor-widget elementor-widget-text-editor\" data-id=\"ddc548d\" data-element_type=\"widget\" data-e-type=\"widget\" data-widget_type=\"text-editor.default\">\n\t\t\t\t<div class=\"elementor-widget-container\">\n\t\t\t\t\t\t\t\t\t<p>Single room<\/p>\t\t\t\t\t\t\t\t<\/div>\n\t\t\t\t<\/div>\n\t\t\t\t<div class=\"elementor-element elementor-element-d21a13e elementor-widget elementor-widget-text-editor\" data-id=\"d21a13e\" data-element_type=\"widget\" data-e-type=\"widget\" data-widget_type=\"text-editor.default\">\n\t\t\t\t<div class=\"elementor-widget-container\">\n\t\t\t\t\t\t\t\t\t<p>Price from 2790 CZK \/ 2 nights<\/p>\t\t\t\t\t\t\t\t<\/div>\n\t\t\t\t<\/div>\n\t\t\t\t<div class=\"elementor-element elementor-element-da1265a elementor-widget elementor-widget-text-editor\" data-id=\"da1265a\" data-element_type=\"widget\" data-e-type=\"widget\" data-widget_type=\"text-editor.default\">\n\t\t\t\t<div class=\"elementor-widget-container\">\n\t\t\t\t\t\t\t\t\t<p>Price from 3090 CZK \/ 2 nights<\/p>\t\t\t\t\t\t\t\t<\/div>\n\t\t\t\t<\/div>\n\t\t\t\t<\/div>\n\t\t<div class=\"elementor-element elementor-element-103de77 e-con-full e-grid wpr-particle-no wpr-jarallax-no wpr-parallax-no wpr-sticky-section-no e-con e-child\" data-id=\"103de77\" data-element_type=\"container\" data-e-type=\"container\">\n\t\t\t\t<div class=\"elementor-element elementor-element-d674715 elementor-widget elementor-widget-text-editor\" data-id=\"d674715\" data-element_type=\"widget\" data-e-type=\"widget\" data-widget_type=\"text-editor.default\">\n\t\t\t\t<div class=\"elementor-widget-container\">\n\t\t\t\t\t\t\t\t\t<p>Double room (price per 2 persons)<\/p>\t\t\t\t\t\t\t\t<\/div>\n\t\t\t\t<\/div>\n\t\t\t\t<div class=\"elementor-element elementor-element-f3aff26 elementor-widget elementor-widget-text-editor\" data-id=\"f3aff26\" data-element_type=\"widget\" data-e-type=\"widget\" data-widget_type=\"text-editor.default\">\n\t\t\t\t<div class=\"elementor-widget-container\">\n\t\t\t\t\t\t\t\t\t<p>Price from 4580 CZK \/ 2 nights<\/p>\t\t\t\t\t\t\t\t<\/div>\n\t\t\t\t<\/div>\n\t\t\t\t<div class=\"elementor-element elementor-element-95509b6 elementor-widget elementor-widget-text-editor\" data-id=\"95509b6\" data-element_type=\"widget\" data-e-type=\"widget\" data-widget_type=\"text-editor.default\">\n\t\t\t\t<div class=\"elementor-widget-container\">\n\t\t\t\t\t\t\t\t\t<p>Price from 5080 CZK \/ 2 nights<\/p>\t\t\t\t\t\t\t\t<\/div>\n\t\t\t\t<\/div>\n\t\t\t\t<\/div>\n\t\t\t\t<\/div>\n\t\t\t\t<div class=\"elementor-element elementor-element-bda3e5b elementor-widget elementor-widget-heading\" data-id=\"bda3e5b\" data-element_type=\"widget\" data-e-type=\"widget\" data-widget_type=\"heading.default\">\n\t\t\t\t<div class=\"elementor-widget-container\">\n\t\t\t\t\t<h6 class=\"elementor-heading-title elementor-size-default\">PACKAGE PRICE <\/h6>\t\t\t\t<\/div>\n\t\t\t\t<\/div>\n\t\t\t\t\t<\/div>\n\t\t\t\t<\/div>\n\t\t<div class=\"elementor-element elementor-element-84699b1 e-con-full e-flex wpr-particle-no wpr-jarallax-no wpr-parallax-no wpr-sticky-section-no e-con e-child\" data-id=\"84699b1\" data-element_type=\"container\" data-e-type=\"container\" data-settings=\"{&quot;background_background&quot;:&quot;classic&quot;}\">\n\t\t\t\t<div class=\"elementor-element elementor-element-ae1b665 elementor-widget elementor-widget-heading\" data-id=\"ae1b665\" data-element_type=\"widget\" data-e-type=\"widget\" data-widget_type=\"heading.default\">\n\t\t\t\t<div class=\"elementor-widget-container\">\n\t\t\t\t\t<h6 class=\"elementor-heading-title elementor-size-default\">ACCOMMODATION PACKAGES<\/h6>\t\t\t\t<\/div>\n\t\t\t\t<\/div>\n\t\t\t\t<div class=\"elementor-element elementor-element-3f4b842 elementor-widget elementor-widget-heading\" data-id=\"3f4b842\" data-element_type=\"widget\" data-e-type=\"widget\" data-widget_type=\"heading.default\">\n\t\t\t\t<div class=\"elementor-widget-container\">\n\t\t\t\t\t<h2 class=\"elementor-heading-title elementor-size-default\">SEE OTHER PACKAGES<\/h2>\t\t\t\t<\/div>\n\t\t\t\t<\/div>\n\t\t\t\t<\/div>\n\t\t<div class=\"elementor-element elementor-element-8a613b2 e-flex e-con-boxed wpr-particle-no wpr-jarallax-no wpr-parallax-no wpr-sticky-section-no e-con e-parent\" data-id=\"8a613b2\" data-element_type=\"container\" data-e-type=\"container\" data-settings=\"{&quot;background_background&quot;:&quot;classic&quot;}\">\n\t\t\t\t\t<div class=\"e-con-inner\">\n\t\t<div class=\"elementor-element elementor-element-3feb515 e-con-full e-flex wpr-particle-no wpr-jarallax-no wpr-parallax-no wpr-sticky-section-no e-con e-child\" data-id=\"3feb515\" data-element_type=\"container\" data-e-type=\"container\">\n\t\t\t\t<div class=\"elementor-element elementor-element-00fd4d6 elementor-widget elementor-widget-image\" data-id=\"00fd4d6\" data-element_type=\"widget\" data-e-type=\"widget\" data-widget_type=\"image.default\">\n\t\t\t\t<div class=\"elementor-widget-container\">\n\t\t\t\t\t\t\t\t\t\t\t\t\t\t\t\t<a href=\"\/en\/chlapi_sobe\/\">\n\t\t\t\t\t\t\t<img decoding=\"async\" width=\"1024\" height=\"910\" src=\"https:\/\/www.myslivna.com\/wp-content\/uploads\/2025\/01\/Mens-getaway-Trebon-1.jpg\" class=\"attachment-large size-large wp-image-8284\" alt=\"\" srcset=\"https:\/\/www.myslivna.com\/wp-content\/uploads\/2025\/01\/Mens-getaway-Trebon-1.jpg 1063w, https:\/\/www.myslivna.com\/wp-content\/uploads\/2025\/01\/Mens-getaway-Trebon-1-300x267.jpg 300w, https:\/\/www.myslivna.com\/wp-content\/uploads\/2025\/01\/Mens-getaway-Trebon-1-1024x910.jpg 1024w, https:\/\/www.myslivna.com\/wp-content\/uploads\/2025\/01\/Mens-getaway-Trebon-1-768x683.jpg 768w, https:\/\/www.myslivna.com\/wp-content\/uploads\/2025\/01\/Mens-getaway-Trebon-1-13x12.jpg 13w\" sizes=\"(max-width: 1024px) 100vw, 1024px\" \/>\t\t\t\t\t\t\t\t<\/a>\n\t\t\t\t\t\t\t\t\t\t\t\t\t\t\t<\/div>\n\t\t\t\t<\/div>\n\t\t\t\t<\/div>\n\t\t<div class=\"elementor-element elementor-element-127bfc5 e-con-full e-flex wpr-particle-no wpr-jarallax-no wpr-parallax-no wpr-sticky-section-no e-con e-child\" data-id=\"127bfc5\" data-element_type=\"container\" data-e-type=\"container\">\n\t\t\t\t<div class=\"elementor-element elementor-element-0e5b983 elementor-widget elementor-widget-image\" data-id=\"0e5b983\" data-element_type=\"widget\" data-e-type=\"widget\" data-widget_type=\"image.default\">\n\t\t\t\t<div class=\"elementor-widget-container\">\n\t\t\t\t\t\t\t\t\t\t\t\t\t\t\t\t<a href=\"\/en\/damska_jizda\/\">\n\t\t\t\t\t\t\t<img loading=\"lazy\" decoding=\"async\" width=\"1024\" height=\"910\" src=\"https:\/\/www.myslivna.com\/wp-content\/uploads\/2025\/01\/Stay-package-for-ladies-Trebon.jpg\" class=\"attachment-large size-large wp-image-8285\" alt=\"\" srcset=\"https:\/\/www.myslivna.com\/wp-content\/uploads\/2025\/01\/Stay-package-for-ladies-Trebon.jpg 1063w, https:\/\/www.myslivna.com\/wp-content\/uploads\/2025\/01\/Stay-package-for-ladies-Trebon-300x267.jpg 300w, https:\/\/www.myslivna.com\/wp-content\/uploads\/2025\/01\/Stay-package-for-ladies-Trebon-1024x910.jpg 1024w, https:\/\/www.myslivna.com\/wp-content\/uploads\/2025\/01\/Stay-package-for-ladies-Trebon-768x683.jpg 768w, https:\/\/www.myslivna.com\/wp-content\/uploads\/2025\/01\/Stay-package-for-ladies-Trebon-13x12.jpg 13w\" sizes=\"(max-width: 1024px) 100vw, 1024px\" \/>\t\t\t\t\t\t\t\t<\/a>\n\t\t\t\t\t\t\t\t\t\t\t\t\t\t\t<\/div>\n\t\t\t\t<\/div>\n\t\t\t\t<\/div>\n\t\t<div class=\"elementor-element elementor-element-555e1a6 e-con-full e-flex wpr-particle-no wpr-jarallax-no wpr-parallax-no wpr-sticky-section-no e-con e-child\" data-id=\"555e1a6\" data-element_type=\"container\" data-e-type=\"container\">\n\t\t\t\t<div class=\"elementor-element elementor-element-5319b2d elementor-widget elementor-widget-image\" data-id=\"5319b2d\" data-element_type=\"widget\" data-e-type=\"widget\" data-widget_type=\"image.default\">\n\t\t\t\t<div class=\"elementor-widget-container\">\n\t\t\t\t\t\t\t\t\t\t\t\t\t\t\t\t<a href=\"\/en\/romanticky_pobyt\/\">\n\t\t\t\t\t\t\t<img loading=\"lazy\" decoding=\"async\" width=\"1024\" height=\"910\" src=\"https:\/\/www.myslivna.com\/wp-content\/uploads\/2026\/01\/Myslivna-Romantic-stay.jpg\" class=\"attachment-large size-large wp-image-8630\" alt=\"\" srcset=\"https:\/\/www.myslivna.com\/wp-content\/uploads\/2026\/01\/Myslivna-Romantic-stay.jpg 1063w, https:\/\/www.myslivna.com\/wp-content\/uploads\/2026\/01\/Myslivna-Romantic-stay-300x267.jpg 300w, https:\/\/www.myslivna.com\/wp-content\/uploads\/2026\/01\/Myslivna-Romantic-stay-1024x910.jpg 1024w, https:\/\/www.myslivna.com\/wp-content\/uploads\/2026\/01\/Myslivna-Romantic-stay-768x683.jpg 768w, https:\/\/www.myslivna.com\/wp-content\/uploads\/2026\/01\/Myslivna-Romantic-stay-13x12.jpg 13w\" sizes=\"(max-width: 1024px) 100vw, 1024px\" \/>\t\t\t\t\t\t\t\t<\/a>\n\t\t\t\t\t\t\t\t\t\t\t\t\t\t\t<\/div>\n\t\t\t\t<\/div>\n\t\t\t\t<\/div>\n\t\t\t\t\t<\/div>\n\t\t\t\t<\/div>\n\t\t<div class=\"elementor-element elementor-element-f5b2060 e-flex e-con-boxed wpr-particle-no wpr-jarallax-no wpr-parallax-no wpr-sticky-section-no e-con e-parent\" data-id=\"f5b2060\" data-element_type=\"container\" data-e-type=\"container\" data-settings=\"{&quot;background_background&quot;:&quot;classic&quot;}\">\n\t\t\t\t\t<div class=\"e-con-inner\">\n\t\t\t\t<div class=\"elementor-element elementor-element-498e69a elementor-align-center elementor-widget elementor-widget-button\" data-id=\"498e69a\" data-element_type=\"widget\" data-e-type=\"widget\" data-widget_type=\"button.default\">\n\t\t\t\t<div class=\"elementor-widget-container\">\n\t\t\t\t\t\t\t\t\t<div class=\"elementor-button-wrapper\">\n\t\t\t\t\t<a class=\"elementor-button elementor-button-link elementor-size-sm\" href=\"https:\/\/www.myslivna.com\/en\/rezervace\/\">\n\t\t\t\t\t\t<span class=\"elementor-button-content-wrapper\">\n\t\t\t\t\t\t\t\t\t<span class=\"elementor-button-text\">BOOK A STAY<\/span>\n\t\t\t\t\t<\/span>\n\t\t\t\t\t<\/a>\n\t\t\t\t<\/div>\n\t\t\t\t\t\t\t\t<\/div>\n\t\t\t\t<\/div>\n\t\t\t\t\t<\/div>\n\t\t\t\t<\/div>\n\t\t<div class=\"elementor-element elementor-element-50c112d e-con-full e-flex wpr-particle-no wpr-jarallax-no wpr-parallax-no wpr-sticky-section-no e-con e-child\" data-id=\"50c112d\" data-element_type=\"container\" data-e-type=\"container\" data-settings=\"{&quot;background_background&quot;:&quot;classic&quot;}\">\n\t\t\t\t<div class=\"elementor-element elementor-element-a849424 elementor-widget elementor-widget-heading\" data-id=\"a849424\" data-element_type=\"widget\" data-e-type=\"widget\" data-widget_type=\"heading.default\">\n\t\t\t\t<div class=\"elementor-widget-container\">\n\t\t\t\t\t<h6 class=\"elementor-heading-title elementor-size-default\">ARE YOU INTERESTED?<\/h6>\t\t\t\t<\/div>\n\t\t\t\t<\/div>\n\t\t\t\t<div class=\"elementor-element elementor-element-21d045b elementor-widget elementor-widget-heading\" data-id=\"21d045b\" data-element_type=\"widget\" data-e-type=\"widget\" data-widget_type=\"heading.default\">\n\t\t\t\t<div class=\"elementor-widget-container\">\n\t\t\t\t\t<h2 class=\"elementor-heading-title elementor-size-default\">We look forward to your visit<\/h2>\t\t\t\t<\/div>\n\t\t\t\t<\/div>\n\t\t\t\t<div class=\"elementor-element elementor-element-81de925 elementor-widget elementor-widget-text-editor\" data-id=\"81de925\" data-element_type=\"widget\" data-e-type=\"widget\" data-widget_type=\"text-editor.default\">\n\t\t\t\t<div class=\"elementor-widget-container\">\n\t\t\t\t\t\t\t\t\tWith direct booking you get the best <br> affordable price and many other benefits.\t\t\t\t\t\t\t\t<\/div>\n\t\t\t\t<\/div>\n\t\t\t\t<div class=\"elementor-element elementor-element-fe5e542 elementor-widget elementor-widget-button\" data-id=\"fe5e542\" data-element_type=\"widget\" data-e-type=\"widget\" data-widget_type=\"button.default\">\n\t\t\t\t<div class=\"elementor-widget-container\">\n\t\t\t\t\t\t\t\t\t<div class=\"elementor-button-wrapper\">\n\t\t\t\t\t<a class=\"elementor-button elementor-button-link elementor-size-sm\" href=\"\/en\/rezervace\/\">\n\t\t\t\t\t\t<span class=\"elementor-button-content-wrapper\">\n\t\t\t\t\t\t\t\t\t<span class=\"elementor-button-text\">BOOK A STAY<\/span>\n\t\t\t\t\t<\/span>\n\t\t\t\t\t<\/a>\n\t\t\t\t<\/div>\n\t\t\t\t\t\t\t\t<\/div>\n\t\t\t\t<\/div>\n\t\t\t\t<\/div>\n\t\t\t\t<\/div>","protected":false},"excerpt":{"rendered":"<p>ZKLIDNI MYSL V MYSLIVN\u011a Relaxa\u010dn\u00ed pobyt pro zklidn\u011bn\u00ed mysli, umocn\u011bn\u00ed \u017eivotn\u00ed pohody a podporu t\u011blesn\u00e9 vitality. Pobytov\u00fd bal\u00ed\u010dek pro 1 \u2013 4 osoby na pokoji.V online prodeji: 2 &#8211; 7 noc\u00ed. BAL\u00cd\u010cEK ZAHRNUJE (KA\u017dD\u00c1 REZERVOVAN\u00c1 OSOBA): Ubytov\u00e1n\u00ed ve vybran\u00e9m pokoji na 2 &#8211; 7 noc\u00ed pro 1 &#8211; 4 osoby Poctiv\u00e1 sn\u00eddan\u011b s jiho\u010desk\u00fdm koutkem 2chodov\u00e1 polopenze v restauraci Myslivna 1x D\u00e1rek na uv\u00edtanou pro umocn\u011bn\u00ed pobytu\u00a0 Neomezen\u00e9 wifi p\u0159ipojen\u00ed &#8212;&#8212;&#8212;&#8212;&#8212;&#8212;&#8212;&#8212;&#8212;&#8212;&#8212;- Platnost bal\u00ed\u010dku do 20. 12. 2026 (neplat\u00ed v obdob\u00ed Velikonoc, V\u00e1noc a Silvestra). Cena se li\u0161\u00ed v z\u00e1vislosti na vybran\u00e9m term\u00ednu a pokoji.V p\u0159\u00edpad\u011b z\u00e1jmu o jinou variantu bal\u00ed\u010dku (d\u011bti, v\u00edce ne\u017e 7 noc\u00ed apod.) n\u00e1s nev\u00e1hejte kontaktovat. Cena V\u0161edn\u00ed dny V\u00edkend Jednol\u016f\u017ekov\u00fd pokoj Cena od 2790 K\u010d \/ 2 noci Cena od 3090 K\u010d \/ 2 noci Dvoul\u016f\u017ekov\u00fd pokoj (cena pro 2 osoby) Cena od 4580 K\u010d \/ 2 noci Cena od 5080 K\u010d \/ 2 noci CENA BAL\u00cd\u010cKU POBYTOV\u00c9 BAL\u00cd\u010cKY PROHL\u00c9DN\u011aTE SI DAL\u0160\u00cd BAL\u00cd\u010cKY REZERVACE POBYTU M\u00c1TE Z\u00c1JEM? T\u011b\u0161\u00edme se na va\u0161i n\u00e1v\u0161t\u011bvu S p\u0159\u00edmou rezervac\u00ed z\u00edsk\u00e1v\u00e1te nejlep\u0161\u00ed dostupnou cenu a mnoho dal\u0161\u00edch v\u00fdhod. REZERVOVAT POBYT<\/p>","protected":false},"author":3,"featured_media":0,"parent":0,"menu_order":0,"comment_status":"closed","ping_status":"closed","template":"elementor_header_footer","meta":{"footnotes":""},"class_list":["post-5076","page","type-page","status-publish","hentry","entry"],"_links":{"self":[{"href":"https:\/\/www.myslivna.com\/en\/wp-json\/wp\/v2\/pages\/5076","targetHints":{"allow":["GET"]}}],"collection":[{"href":"https:\/\/www.myslivna.com\/en\/wp-json\/wp\/v2\/pages"}],"about":[{"href":"https:\/\/www.myslivna.com\/en\/wp-json\/wp\/v2\/types\/page"}],"author":[{"embeddable":true,"href":"https:\/\/www.myslivna.com\/en\/wp-json\/wp\/v2\/users\/3"}],"replies":[{"embeddable":true,"href":"https:\/\/www.myslivna.com\/en\/wp-json\/wp\/v2\/comments?post=5076"}],"version-history":[{"count":85,"href":"https:\/\/www.myslivna.com\/en\/wp-json\/wp\/v2\/pages\/5076\/revisions"}],"predecessor-version":[{"id":8733,"href":"https:\/\/www.myslivna.com\/en\/wp-json\/wp\/v2\/pages\/5076\/revisions\/8733"}],"wp:attachment":[{"href":"https:\/\/www.myslivna.com\/en\/wp-json\/wp\/v2\/media?parent=5076"}],"curies":[{"name":"wp","href":"https:\/\/api.w.org\/{rel}","templated":true}]}}